{"id":272,"date":"2023-08-01T17:05:49","date_gmt":"2023-08-01T17:05:49","guid":{"rendered":"http:\/\/www.pinadworks.com\/?page_id=272"},"modified":"2023-08-01T19:56:49","modified_gmt":"2023-08-01T19:56:49","slug":"pin-hakkinda","status":"publish","type":"page","link":"https:\/\/www.pinadworks.com\/en\/pin-hakkinda\/","title":{"rendered":"Pin About Us"},"content":{"rendered":"<div data-elementor-type=\"wp-page\" data-elementor-id=\"272\" class=\"elementor elementor-272\">\n\t\t\t\t\t\t<section class=\"elementor-section elementor-top-section elementor-element elementor-element-11b82b2 elementor-section-full_width elementor-section-height-default elementor-section-height-default\" data-id=\"11b82b2\" data-element_type=\"section\" data-e-type=\"section\" data-settings=\"{&quot;background_background&quot;:&quot;classic&quot;}\">\n\t\t\t\t\t\t<div class=\"elementor-container elementor-column-gap-no\">\n\t\t\t\t\t<div class=\"elementor-column elementor-col-100 elementor-top-column elementor-element elementor-element-0e4d690\" data-id=\"0e4d690\" data-element_type=\"column\" data-e-type=\"column\">\n\t\t\t<div class=\"elementor-widget-wrap elementor-element-populated\">\n\t\t\t\t\t\t<section class=\"elementor-section elementor-inner-section elementor-element elementor-element-dd33758 elementor-section-boxed elementor-section-height-default elementor-section-height-default\" data-id=\"dd33758\" data-element_type=\"section\" data-e-type=\"section\">\n\t\t\t\t\t\t<div class=\"elementor-container elementor-column-gap-default\">\n\t\t\t\t\t<div class=\"elementor-column elementor-col-100 elementor-inner-column elementor-element elementor-element-48c5413\" data-id=\"48c5413\" data-element_type=\"column\" data-e-type=\"column\">\n\t\t\t<div class=\"elementor-widget-wrap elementor-element-populated\">\n\t\t\t\t\t\t<div class=\"elementor-element elementor-element-e6a50ce elementor-widget elementor-widget-heading\" data-id=\"e6a50ce\" data-element_type=\"widget\" data-e-type=\"widget\" data-widget_type=\"heading.default\">\n\t\t\t\t<div class=\"elementor-widget-container\">\n\t\t\t\t\t<h2 class=\"elementor-heading-title elementor-size-default\">\"If it's not based on the big idea, your ad will pass like a ship in the night.\" David Ogilvy <\/h2>\t\t\t\t<\/div>\n\t\t\t\t<\/div>\n\t\t\t\t\t<\/div>\n\t\t<\/div>\n\t\t\t\t\t<\/div>\n\t\t<\/section>\n\t\t\t\t\t<\/div>\n\t\t<\/div>\n\t\t\t\t\t<\/div>\n\t\t<\/section>\n\t\t\t\t<section class=\"elementor-section elementor-top-section elementor-element elementor-element-efd8a1a elementor-section-boxed elementor-section-height-default elementor-section-height-default\" data-id=\"efd8a1a\" data-element_type=\"section\" data-e-type=\"section\">\n\t\t\t\t\t\t<div class=\"elementor-container elementor-column-gap-default\">\n\t\t\t\t\t<div class=\"elementor-column elementor-col-100 elementor-top-column elementor-element elementor-element-a21c4c5\" data-id=\"a21c4c5\" data-element_type=\"column\" data-e-type=\"column\">\n\t\t\t<div class=\"elementor-widget-wrap elementor-element-populated\">\n\t\t\t\t\t\t<section class=\"elementor-section elementor-inner-section elementor-element elementor-element-ea49d93 elementor-section-boxed elementor-section-height-default elementor-section-height-default\" data-id=\"ea49d93\" data-element_type=\"section\" data-e-type=\"section\">\n\t\t\t\t\t\t<div class=\"elementor-container elementor-column-gap-default\">\n\t\t\t\t\t<div class=\"elementor-column elementor-col-100 elementor-inner-column elementor-element elementor-element-97bbb61\" data-id=\"97bbb61\" data-element_type=\"column\" data-e-type=\"column\">\n\t\t\t<div class=\"elementor-widget-wrap elementor-element-populated\">\n\t\t\t\t\t\t<div class=\"elementor-element elementor-element-194775a elementor-widget elementor-widget-heading\" data-id=\"194775a\" data-element_type=\"widget\" data-e-type=\"widget\" data-widget_type=\"heading.default\">\n\t\t\t\t<div class=\"elementor-widget-container\">\n\t\t\t\t\t<h2 class=\"elementor-heading-title elementor-size-default\">Pin Adworks is a Full Service Advertising Agency.<\/h2>\t\t\t\t<\/div>\n\t\t\t\t<\/div>\n\t\t\t\t<div class=\"elementor-element elementor-element-362e0ee elementor-widget elementor-widget-text-editor\" data-id=\"362e0ee\" data-element_type=\"widget\" data-e-type=\"widget\" data-widget_type=\"text-editor.default\">\n\t\t\t\t<div class=\"elementor-widget-container\">\n\t\t\t\t\t\t\t\t\t<p><strong>What does full service advertising agency mean?<br \/><\/strong><br \/>First of all, it means the agency that contributes to the marketing strategy of the brand it owns or has the experience to create the marketing strategy; Advertising is the final stage of business. Full service advertising agency; should be able to skillfully construct an effective communication strategy that fits perfectly with the marketing strategy. Channels; It is the only place where the consumer and the brand meet, encounter and establish an emotional bond. It should have the vision that can reveal the marketing and communication strategy in the most striking way and fine-tune the dose of creativity, exactly where it should be.<\/p><p><strong>Is it enough for a full-service advertising agency to be creative?<\/strong><\/p><p>It's never enough for a full-service ad agency to be very creative. If it did, everyone would be able to work like a full-service advertising agency! Because, more or less, every person or institution is creative in its own field. What makes an advertising agency a full-service advertising agency is the ability to adjust the dose of creativity to the characteristics of the brand\/product.<br \/>This area is the next level of creativity. In any case, it is not possible to control the dose without reaching a certain level of advertising creativity.<\/p><p><strong>Does a full-service advertising agency focus only on its brand?<\/strong><\/p><p>A full-service advertising agency doesn't just advertise through its brand.<br \/>His most important job is to discover and examine the strategy of competitors and evaluate their effects in the market. As a result of this research, building an empty space that others do not notice, positioning the brand there in the most correct way is the primary duty and area of expertise of a full-service advertising agency. He has a high command of words and lines, but he knows very well that the future of his brand requires more.<\/p><p><strong>How is the success of a full-service advertising agency measured?<\/strong><\/p><p>Producing a good commercial, a flashy press ad, a resounding radio spot, a never-ending catalog, or a head-turning billboard is not a success in itself. At least, this is the case for a full-service advertising agency. However, partial success can be mentioned for an advertisement work that fully aligns with the brand positioning and directs the consumer's perception towards the brand. In order to call it a complete success, first of all, it is necessary to have built an idea that will have a buying effect on the behavior of the target audience.<\/p>\t\t\t\t\t\t\t\t<\/div>\n\t\t\t\t<\/div>\n\t\t\t\t\t<\/div>\n\t\t<\/div>\n\t\t\t\t\t<\/div>\n\t\t<\/section>\n\t\t\t\t\t<\/div>\n\t\t<\/div>\n\t\t\t\t\t<\/div>\n\t\t<\/section>\n\t\t\t\t<section class=\"elementor-section elementor-top-section elementor-element elementor-element-7bf20e8 elementor-section-boxed elementor-section-height-default elementor-section-height-default\" data-id=\"7bf20e8\" data-element_type=\"section\" data-e-type=\"section\">\n\t\t\t\t\t\t<div class=\"elementor-container elementor-column-gap-default\">\n\t\t\t\t\t<div class=\"elementor-column elementor-col-100 elementor-top-column elementor-element elementor-element-c8de66e\" data-id=\"c8de66e\" data-element_type=\"column\" data-e-type=\"column\">\n\t\t\t<div class=\"elementor-widget-wrap elementor-element-populated\">\n\t\t\t\t\t\t<div class=\"elementor-element elementor-element-f977ff3 elementor-widget elementor-widget-spacer\" data-id=\"f977ff3\" data-element_type=\"widget\" data-e-type=\"widget\" data-widget_type=\"spacer.default\">\n\t\t\t\t<div class=\"elementor-widget-container\">\n\t\t\t\t\t\t\t<div class=\"elementor-spacer\">\n\t\t\t<div class=\"elementor-spacer-inner\"><\/div>\n\t\t<\/div>\n\t\t\t\t\t\t<\/div>\n\t\t\t\t<\/div>\n\t\t\t\t\t<\/div>\n\t\t<\/div>\n\t\t\t\t\t<\/div>\n\t\t<\/section>\n\t\t\t\t<\/div>","protected":false},"excerpt":{"rendered":"<p>&#8220;E\u011fer temelinde b\u00fcy\u00fck fikir yoksa, reklam\u0131n\u0131z gece karanl\u0131\u011f\u0131ndaki bir gemi gibi ge\u00e7ip gider.&#8221; David Ogilvy Pin Adworks Tam Hizmet Reklam Ajans\u0131d\u0131r. Tam hizmet reklam ajans\u0131 ne demektir?\u00d6ncelikle, sahiplendi\u011fi markan\u0131n pazarlama stratejisine katk\u0131da bulunan veya pazarlama stratejisini olu\u015fturabilecek tecr\u00fcbeye sahip ajans demektir; reklam i\u015fin son a\u015famas\u0131d\u0131r. Tam hizmet reklam ajans\u0131; pazarlama stratejisiyle bire bir \u00f6rt\u00fc\u015fen, etkili&#8230;<\/p>","protected":false},"author":1,"featured_media":0,"parent":0,"menu_order":0,"comment_status":"closed","ping_status":"closed","template":"","meta":{"_kad_post_transparent":"default","_kad_post_title":"hide","_kad_post_layout":"fullwidth","_kad_post_sidebar_id":"","_kad_post_content_style":"unboxed","_kad_post_vertical_padding":"hide","_kad_post_feature":"hide","_kad_post_feature_position":"","_kad_post_header":false,"_kad_post_footer":false,"_kad_post_classname":"","footnotes":""},"class_list":["post-272","page","type-page","status-publish","hentry"],"_links":{"self":[{"href":"https:\/\/www.pinadworks.com\/en\/wp-json\/wp\/v2\/pages\/272","targetHints":{"allow":["GET"]}}],"collection":[{"href":"https:\/\/www.pinadworks.com\/en\/wp-json\/wp\/v2\/pages"}],"about":[{"href":"https:\/\/www.pinadworks.com\/en\/wp-json\/wp\/v2\/types\/page"}],"author":[{"embeddable":true,"href":"https:\/\/www.pinadworks.com\/en\/wp-json\/wp\/v2\/users\/1"}],"replies":[{"embeddable":true,"href":"https:\/\/www.pinadworks.com\/en\/wp-json\/wp\/v2\/comments?post=272"}],"version-history":[{"count":23,"href":"https:\/\/www.pinadworks.com\/en\/wp-json\/wp\/v2\/pages\/272\/revisions"}],"predecessor-version":[{"id":494,"href":"https:\/\/www.pinadworks.com\/en\/wp-json\/wp\/v2\/pages\/272\/revisions\/494"}],"wp:attachment":[{"href":"https:\/\/www.pinadworks.com\/en\/wp-json\/wp\/v2\/media?parent=272"}],"curies":[{"name":"wp","href":"https:\/\/api.w.org\/{rel}","templated":true}]}}