{"id":606,"date":"2023-08-02T10:02:24","date_gmt":"2023-08-02T10:02:24","guid":{"rendered":"http:\/\/www.pinadworks.com\/?page_id=606"},"modified":"2023-08-02T10:04:45","modified_gmt":"2023-08-02T10:04:45","slug":"grande-mare","status":"publish","type":"page","link":"http:\/\/www.pinadworks.com\/en\/grande-mare\/","title":{"rendered":"Grande Mare"},"content":{"rendered":"<div data-elementor-type=\"wp-page\" data-elementor-id=\"606\" class=\"elementor elementor-606\">\n\t\t\t\t\t\t<section class=\"elementor-section elementor-top-section elementor-element elementor-element-66ec08f elementor-section-full_width elementor-section-height-default elementor-section-height-default\" data-id=\"66ec08f\" data-element_type=\"section\" data-e-type=\"section\" data-settings=\"{&quot;background_background&quot;:&quot;classic&quot;}\">\n\t\t\t\t\t\t<div class=\"elementor-container elementor-column-gap-default\">\n\t\t\t\t\t<div class=\"elementor-column elementor-col-100 elementor-top-column elementor-element elementor-element-319243c\" data-id=\"319243c\" data-element_type=\"column\" data-e-type=\"column\">\n\t\t\t<div class=\"elementor-widget-wrap elementor-element-populated\">\n\t\t\t\t\t\t<section class=\"elementor-section elementor-inner-section elementor-element elementor-element-52c339c elementor-section-boxed elementor-section-height-default elementor-section-height-default\" data-id=\"52c339c\" data-element_type=\"section\" data-e-type=\"section\">\n\t\t\t\t\t\t<div class=\"elementor-container elementor-column-gap-default\">\n\t\t\t\t\t<div class=\"elementor-column elementor-col-100 elementor-inner-column elementor-element elementor-element-4965ec0\" data-id=\"4965ec0\" data-element_type=\"column\" data-e-type=\"column\">\n\t\t\t<div class=\"elementor-widget-wrap elementor-element-populated\">\n\t\t\t\t\t\t<div class=\"elementor-element elementor-element-475dd1b elementor-widget elementor-widget-heading\" data-id=\"475dd1b\" data-element_type=\"widget\" data-e-type=\"widget\" data-widget_type=\"heading.default\">\n\t\t\t\t<div class=\"elementor-widget-container\">\n\t\t\t\t\t<h2 class=\"elementor-heading-title elementor-size-default\">Grande Mare<\/h2>\t\t\t\t<\/div>\n\t\t\t\t<\/div>\n\t\t\t\t\t<\/div>\n\t\t<\/div>\n\t\t\t\t\t<\/div>\n\t\t<\/section>\n\t\t\t\t\t<\/div>\n\t\t<\/div>\n\t\t\t\t\t<\/div>\n\t\t<\/section>\n\t\t\t\t<section class=\"elementor-section elementor-top-section elementor-element elementor-element-efd8a1a elementor-section-boxed elementor-section-height-default elementor-section-height-default\" data-id=\"efd8a1a\" data-element_type=\"section\" data-e-type=\"section\">\n\t\t\t\t\t\t<div class=\"elementor-container elementor-column-gap-default\">\n\t\t\t\t\t<div class=\"elementor-column elementor-col-50 elementor-top-column elementor-element elementor-element-a21c4c5\" data-id=\"a21c4c5\" data-element_type=\"column\" data-e-type=\"column\">\n\t\t\t<div class=\"elementor-widget-wrap elementor-element-populated\">\n\t\t\t\t\t\t<div class=\"elementor-element elementor-element-dbb5623 elementor-widget elementor-widget-image\" data-id=\"dbb5623\" data-element_type=\"widget\" data-e-type=\"widget\" data-widget_type=\"image.default\">\n\t\t\t\t<div class=\"elementor-widget-container\">\n\t\t\t\t\t\t\t\t\t\t\t\t\t\t\t<img fetchpriority=\"high\" decoding=\"async\" width=\"1024\" height=\"655\" src=\"https:\/\/www.pinadworks.com\/wp-content\/uploads\/2023\/08\/Grande-Mare-01-1024x655.jpg\" class=\"attachment-large size-large wp-image-608\" alt=\"\" srcset=\"https:\/\/www.pinadworks.com\/wp-content\/uploads\/2023\/08\/Grande-Mare-01-1024x655.jpg 1024w, https:\/\/www.pinadworks.com\/wp-content\/uploads\/2023\/08\/Grande-Mare-01-300x192.jpg 300w, https:\/\/www.pinadworks.com\/wp-content\/uploads\/2023\/08\/Grande-Mare-01-768x492.jpg 768w, https:\/\/www.pinadworks.com\/wp-content\/uploads\/2023\/08\/Grande-Mare-01-1536x983.jpg 1536w, https:\/\/www.pinadworks.com\/wp-content\/uploads\/2023\/08\/Grande-Mare-01-2048x1311.jpg 2048w\" sizes=\"(max-width: 1024px) 100vw, 1024px\" \/>\t\t\t\t\t\t\t\t\t\t\t\t\t\t\t<\/div>\n\t\t\t\t<\/div>\n\t\t\t\t\t<\/div>\n\t\t<\/div>\n\t\t\t\t<div class=\"elementor-column elementor-col-50 elementor-top-column elementor-element elementor-element-7894404\" data-id=\"7894404\" data-element_type=\"column\" data-e-type=\"column\">\n\t\t\t<div class=\"elementor-widget-wrap elementor-element-populated\">\n\t\t\t\t\t\t<div class=\"elementor-element elementor-element-fc7e5fe elementor-widget elementor-widget-text-editor\" data-id=\"fc7e5fe\" data-element_type=\"widget\" data-e-type=\"widget\" data-widget_type=\"text-editor.default\">\n\t\t\t\t<div class=\"elementor-widget-container\">\n\t\t\t\t\t\t\t\t\t<p><label><strong>Kategori:<\/strong> <\/label>Cepli Dosya Tasar\u0131mlar\u0131\u00a0<br \/><strong><label>M\u00fc\u015fteri:<\/label><\/strong> Grande Mare Yat\u00e7\u0131l\u0131k<\/p>\t\t\t\t\t\t\t\t<\/div>\n\t\t\t\t<\/div>\n\t\t\t\t\t<\/div>\n\t\t<\/div>\n\t\t\t\t\t<\/div>\n\t\t<\/section>\n\t\t\t\t<section class=\"elementor-section elementor-top-section elementor-element elementor-element-5bd3f16 elementor-section-boxed elementor-section-height-default elementor-section-height-default\" data-id=\"5bd3f16\" data-element_type=\"section\" data-e-type=\"section\">\n\t\t\t\t\t\t<div class=\"elementor-container elementor-column-gap-default\">\n\t\t\t\t\t<div class=\"elementor-column elementor-col-100 elementor-top-column elementor-element elementor-element-1b5d0b4\" data-id=\"1b5d0b4\" data-element_type=\"column\" data-e-type=\"column\">\n\t\t\t<div class=\"elementor-widget-wrap elementor-element-populated\">\n\t\t\t\t\t\t<div class=\"elementor-element elementor-element-2a45f37 elementor-widget elementor-widget-spacer\" data-id=\"2a45f37\" data-element_type=\"widget\" data-e-type=\"widget\" data-widget_type=\"spacer.default\">\n\t\t\t\t<div class=\"elementor-widget-container\">\n\t\t\t\t\t\t\t<div class=\"elementor-spacer\">\n\t\t\t<div class=\"elementor-spacer-inner\"><\/div>\n\t\t<\/div>\n\t\t\t\t\t\t<\/div>\n\t\t\t\t<\/div>\n\t\t\t\t\t<\/div>\n\t\t<\/div>\n\t\t\t\t\t<\/div>\n\t\t<\/section>\n\t\t\t\t<\/div>","protected":false},"excerpt":{"rendered":"<p>Grande Mare Kategori: Cepli Dosya Tasar\u0131mlar\u0131\u00a0M\u00fc\u015fteri: Grande Mare Yat\u00e7\u0131l\u0131k<\/p>","protected":false},"author":1,"featured_media":0,"parent":0,"menu_order":0,"comment_status":"closed","ping_status":"closed","template":"","meta":{"_kad_post_transparent":"default","_kad_post_title":"hide","_kad_post_layout":"fullwidth","_kad_post_sidebar_id":"","_kad_post_content_style":"unboxed","_kad_post_vertical_padding":"hide","_kad_post_feature":"hide","_kad_post_feature_position":"","_kad_post_header":false,"_kad_post_footer":false,"_kad_post_classname":"","footnotes":""},"class_list":["post-606","page","type-page","status-publish","hentry"],"_links":{"self":[{"href":"http:\/\/www.pinadworks.com\/en\/wp-json\/wp\/v2\/pages\/606","targetHints":{"allow":["GET"]}}],"collection":[{"href":"http:\/\/www.pinadworks.com\/en\/wp-json\/wp\/v2\/pages"}],"about":[{"href":"http:\/\/www.pinadworks.com\/en\/wp-json\/wp\/v2\/types\/page"}],"author":[{"embeddable":true,"href":"http:\/\/www.pinadworks.com\/en\/wp-json\/wp\/v2\/users\/1"}],"replies":[{"embeddable":true,"href":"http:\/\/www.pinadworks.com\/en\/wp-json\/wp\/v2\/comments?post=606"}],"version-history":[{"count":4,"href":"http:\/\/www.pinadworks.com\/en\/wp-json\/wp\/v2\/pages\/606\/revisions"}],"predecessor-version":[{"id":611,"href":"http:\/\/www.pinadworks.com\/en\/wp-json\/wp\/v2\/pages\/606\/revisions\/611"}],"wp:attachment":[{"href":"http:\/\/www.pinadworks.com\/en\/wp-json\/wp\/v2\/media?parent=606"}],"curies":[{"name":"wp","href":"https:\/\/api.w.org\/{rel}","templated":true}]}}