{"id":429,"date":"2023-08-01T19:27:02","date_gmt":"2023-08-01T19:27:02","guid":{"rendered":"http:\/\/www.pinadworks.com\/?page_id=429"},"modified":"2023-08-01T19:35:12","modified_gmt":"2023-08-01T19:35:12","slug":"concorde-beauty","status":"publish","type":"page","link":"http:\/\/www.pinadworks.com\/en\/concorde-beauty\/","title":{"rendered":"Concorde Beauty"},"content":{"rendered":"<div data-elementor-type=\"wp-page\" data-elementor-id=\"429\" class=\"elementor elementor-429\">\n\t\t\t\t\t\t<section class=\"elementor-section elementor-top-section elementor-element elementor-element-66ec08f elementor-section-full_width elementor-section-height-default elementor-section-height-default\" data-id=\"66ec08f\" data-element_type=\"section\" data-e-type=\"section\" data-settings=\"{&quot;background_background&quot;:&quot;classic&quot;}\">\n\t\t\t\t\t\t<div class=\"elementor-container elementor-column-gap-default\">\n\t\t\t\t\t<div class=\"elementor-column elementor-col-100 elementor-top-column elementor-element elementor-element-319243c\" data-id=\"319243c\" data-element_type=\"column\" data-e-type=\"column\">\n\t\t\t<div class=\"elementor-widget-wrap elementor-element-populated\">\n\t\t\t\t\t\t<section class=\"elementor-section elementor-inner-section elementor-element elementor-element-52c339c elementor-section-boxed elementor-section-height-default elementor-section-height-default\" data-id=\"52c339c\" data-element_type=\"section\" data-e-type=\"section\">\n\t\t\t\t\t\t<div class=\"elementor-container elementor-column-gap-default\">\n\t\t\t\t\t<div class=\"elementor-column elementor-col-100 elementor-inner-column elementor-element elementor-element-4965ec0\" data-id=\"4965ec0\" data-element_type=\"column\" data-e-type=\"column\">\n\t\t\t<div class=\"elementor-widget-wrap elementor-element-populated\">\n\t\t\t\t\t\t<div class=\"elementor-element elementor-element-475dd1b elementor-widget elementor-widget-heading\" data-id=\"475dd1b\" data-element_type=\"widget\" data-e-type=\"widget\" data-widget_type=\"heading.default\">\n\t\t\t\t<div class=\"elementor-widget-container\">\n\t\t\t\t\t<h2 class=\"elementor-heading-title elementor-size-default\">Concorde Beauty<\/h2>\t\t\t\t<\/div>\n\t\t\t\t<\/div>\n\t\t\t\t\t<\/div>\n\t\t<\/div>\n\t\t\t\t\t<\/div>\n\t\t<\/section>\n\t\t\t\t\t<\/div>\n\t\t<\/div>\n\t\t\t\t\t<\/div>\n\t\t<\/section>\n\t\t\t\t<section class=\"elementor-section elementor-top-section elementor-element elementor-element-efd8a1a elementor-section-boxed elementor-section-height-default elementor-section-height-default\" data-id=\"efd8a1a\" data-element_type=\"section\" data-e-type=\"section\">\n\t\t\t\t\t\t<div class=\"elementor-container elementor-column-gap-default\">\n\t\t\t\t\t<div class=\"elementor-column elementor-col-50 elementor-top-column elementor-element elementor-element-a21c4c5\" data-id=\"a21c4c5\" data-element_type=\"column\" data-e-type=\"column\">\n\t\t\t<div class=\"elementor-widget-wrap elementor-element-populated\">\n\t\t\t\t\t\t<div class=\"elementor-element elementor-element-dbb5623 elementor-widget elementor-widget-image\" data-id=\"dbb5623\" data-element_type=\"widget\" data-e-type=\"widget\" data-widget_type=\"image.default\">\n\t\t\t\t<div class=\"elementor-widget-container\">\n\t\t\t\t\t\t\t\t\t\t\t\t\t\t\t<img fetchpriority=\"high\" decoding=\"async\" width=\"1024\" height=\"655\" src=\"https:\/\/www.pinadworks.com\/wp-content\/uploads\/2023\/08\/Concorde-beauty-01-1024x655.jpg\" class=\"attachment-large size-large wp-image-438\" alt=\"\" srcset=\"https:\/\/www.pinadworks.com\/wp-content\/uploads\/2023\/08\/Concorde-beauty-01-1024x655.jpg 1024w, https:\/\/www.pinadworks.com\/wp-content\/uploads\/2023\/08\/Concorde-beauty-01-300x192.jpg 300w, https:\/\/www.pinadworks.com\/wp-content\/uploads\/2023\/08\/Concorde-beauty-01-768x492.jpg 768w, https:\/\/www.pinadworks.com\/wp-content\/uploads\/2023\/08\/Concorde-beauty-01.jpg 1500w\" sizes=\"(max-width: 1024px) 100vw, 1024px\" \/>\t\t\t\t\t\t\t\t\t\t\t\t\t\t\t<\/div>\n\t\t\t\t<\/div>\n\t\t\t\t\t<\/div>\n\t\t<\/div>\n\t\t\t\t<div class=\"elementor-column elementor-col-50 elementor-top-column elementor-element elementor-element-7894404\" data-id=\"7894404\" data-element_type=\"column\" data-e-type=\"column\">\n\t\t\t<div class=\"elementor-widget-wrap elementor-element-populated\">\n\t\t\t\t\t\t<div class=\"elementor-element elementor-element-fc7e5fe elementor-widget elementor-widget-text-editor\" data-id=\"fc7e5fe\" data-element_type=\"widget\" data-e-type=\"widget\" data-widget_type=\"text-editor.default\">\n\t\t\t\t<div class=\"elementor-widget-container\">\n\t\t\t\t\t\t\t\t\t<p><label><strong>Kategori:<\/strong> <\/label>Dergi Tasar\u0131m\u0131<br \/><strong><label>M\u00fc\u015fteri:<\/label><\/strong> Alegori Turizm Ltd. \u015eti.<\/p>\t\t\t\t\t\t\t\t<\/div>\n\t\t\t\t<\/div>\n\t\t\t\t\t<\/div>\n\t\t<\/div>\n\t\t\t\t\t<\/div>\n\t\t<\/section>\n\t\t\t\t<section class=\"elementor-section elementor-top-section elementor-element elementor-element-e7794dd elementor-section-boxed elementor-section-height-default elementor-section-height-default\" data-id=\"e7794dd\" data-element_type=\"section\" data-e-type=\"section\">\n\t\t\t\t\t\t<div class=\"elementor-container elementor-column-gap-default\">\n\t\t\t\t\t<div class=\"elementor-column elementor-col-100 elementor-top-column elementor-element elementor-element-36012ec\" data-id=\"36012ec\" data-element_type=\"column\" data-e-type=\"column\">\n\t\t\t<div class=\"elementor-widget-wrap elementor-element-populated\">\n\t\t\t\t\t\t<section class=\"elementor-section elementor-inner-section elementor-element elementor-element-8e01bdc elementor-section-boxed elementor-section-height-default elementor-section-height-default\" data-id=\"8e01bdc\" data-element_type=\"section\" data-e-type=\"section\">\n\t\t\t\t\t\t<div class=\"elementor-container elementor-column-gap-default\">\n\t\t\t\t\t<div class=\"elementor-column elementor-col-100 elementor-inner-column elementor-element elementor-element-085d51b\" data-id=\"085d51b\" data-element_type=\"column\" data-e-type=\"column\">\n\t\t\t<div class=\"elementor-widget-wrap elementor-element-populated\">\n\t\t\t\t\t\t<div class=\"elementor-element elementor-element-0e63f72 elementor-widget elementor-widget-image-gallery\" data-id=\"0e63f72\" data-element_type=\"widget\" data-e-type=\"widget\" data-widget_type=\"image-gallery.default\">\n\t\t\t\t<div class=\"elementor-widget-container\">\n\t\t\t\t\t\t\t<div class=\"elementor-image-gallery\">\n\t\t\t<div id='gallery-1' class='gallery galleryid-429 gallery-columns-3 gallery-size-full'><figure class='gallery-item'>\n\t\t\t<div class='gallery-icon landscape'>\n\t\t\t\t<a data-elementor-open-lightbox=\"yes\" data-elementor-lightbox-slideshow=\"0e63f72\" data-elementor-lightbox-title=\"Concorde beauty_1\" data-e-action-hash=\"#elementor-action%3Aaction%3Dlightbox%26settings%3DeyJpZCI6NDM1LCJ1cmwiOiJodHRwczpcL1wvd3d3LnBpbmFkd29ya3MuY29tXC93cC1jb250ZW50XC91cGxvYWRzXC8yMDIzXC8wOFwvQ29uY29yZGUtYmVhdXR5XzEtc2NhbGVkLmpwZyIsInNsaWRlc2hvdyI6IjBlNjNmNzIifQ%3D%3D\" href='https:\/\/www.pinadworks.com\/wp-content\/uploads\/2023\/08\/Concorde-beauty_1-scaled.jpg'><img decoding=\"async\" width=\"2560\" height=\"1792\" src=\"https:\/\/www.pinadworks.com\/wp-content\/uploads\/2023\/08\/Concorde-beauty_1-scaled.jpg\" class=\"attachment-full size-full\" alt=\"\" srcset=\"https:\/\/www.pinadworks.com\/wp-content\/uploads\/2023\/08\/Concorde-beauty_1-scaled.jpg 2560w, https:\/\/www.pinadworks.com\/wp-content\/uploads\/2023\/08\/Concorde-beauty_1-300x210.jpg 300w, https:\/\/www.pinadworks.com\/wp-content\/uploads\/2023\/08\/Concorde-beauty_1-1024x717.jpg 1024w, https:\/\/www.pinadworks.com\/wp-content\/uploads\/2023\/08\/Concorde-beauty_1-768x538.jpg 768w, https:\/\/www.pinadworks.com\/wp-content\/uploads\/2023\/08\/Concorde-beauty_1-1536x1075.jpg 1536w, https:\/\/www.pinadworks.com\/wp-content\/uploads\/2023\/08\/Concorde-beauty_1-2048x1434.jpg 2048w\" sizes=\"(max-width: 2560px) 100vw, 2560px\" \/><\/a>\n\t\t\t<\/div><\/figure><figure class='gallery-item'>\n\t\t\t<div class='gallery-icon landscape'>\n\t\t\t\t<a data-elementor-open-lightbox=\"yes\" data-elementor-lightbox-slideshow=\"0e63f72\" data-elementor-lightbox-title=\"Concorde beauty_2\" data-e-action-hash=\"#elementor-action%3Aaction%3Dlightbox%26settings%3DeyJpZCI6NDM2LCJ1cmwiOiJodHRwczpcL1wvd3d3LnBpbmFkd29ya3MuY29tXC93cC1jb250ZW50XC91cGxvYWRzXC8yMDIzXC8wOFwvQ29uY29yZGUtYmVhdXR5XzItc2NhbGVkLmpwZyIsInNsaWRlc2hvdyI6IjBlNjNmNzIifQ%3D%3D\" href='https:\/\/www.pinadworks.com\/wp-content\/uploads\/2023\/08\/Concorde-beauty_2-scaled.jpg'><img decoding=\"async\" width=\"2560\" height=\"1792\" src=\"https:\/\/www.pinadworks.com\/wp-content\/uploads\/2023\/08\/Concorde-beauty_2-scaled.jpg\" class=\"attachment-full size-full\" alt=\"\" srcset=\"https:\/\/www.pinadworks.com\/wp-content\/uploads\/2023\/08\/Concorde-beauty_2-scaled.jpg 2560w, https:\/\/www.pinadworks.com\/wp-content\/uploads\/2023\/08\/Concorde-beauty_2-300x210.jpg 300w, https:\/\/www.pinadworks.com\/wp-content\/uploads\/2023\/08\/Concorde-beauty_2-1024x717.jpg 1024w, https:\/\/www.pinadworks.com\/wp-content\/uploads\/2023\/08\/Concorde-beauty_2-768x538.jpg 768w, https:\/\/www.pinadworks.com\/wp-content\/uploads\/2023\/08\/Concorde-beauty_2-1536x1075.jpg 1536w, https:\/\/www.pinadworks.com\/wp-content\/uploads\/2023\/08\/Concorde-beauty_2-2048x1434.jpg 2048w\" sizes=\"(max-width: 2560px) 100vw, 2560px\" \/><\/a>\n\t\t\t<\/div><\/figure><figure class='gallery-item'>\n\t\t\t<div class='gallery-icon landscape'>\n\t\t\t\t<a data-elementor-open-lightbox=\"yes\" data-elementor-lightbox-slideshow=\"0e63f72\" data-elementor-lightbox-title=\"Concorde beauty_3\" data-e-action-hash=\"#elementor-action%3Aaction%3Dlightbox%26settings%3DeyJpZCI6NDM3LCJ1cmwiOiJodHRwczpcL1wvd3d3LnBpbmFkd29ya3MuY29tXC93cC1jb250ZW50XC91cGxvYWRzXC8yMDIzXC8wOFwvQ29uY29yZGUtYmVhdXR5XzMtc2NhbGVkLmpwZyIsInNsaWRlc2hvdyI6IjBlNjNmNzIifQ%3D%3D\" href='https:\/\/www.pinadworks.com\/wp-content\/uploads\/2023\/08\/Concorde-beauty_3-scaled.jpg'><img loading=\"lazy\" decoding=\"async\" width=\"2560\" height=\"1792\" src=\"https:\/\/www.pinadworks.com\/wp-content\/uploads\/2023\/08\/Concorde-beauty_3-scaled.jpg\" class=\"attachment-full size-full\" alt=\"\" srcset=\"https:\/\/www.pinadworks.com\/wp-content\/uploads\/2023\/08\/Concorde-beauty_3-scaled.jpg 2560w, https:\/\/www.pinadworks.com\/wp-content\/uploads\/2023\/08\/Concorde-beauty_3-300x210.jpg 300w, https:\/\/www.pinadworks.com\/wp-content\/uploads\/2023\/08\/Concorde-beauty_3-1024x717.jpg 1024w, https:\/\/www.pinadworks.com\/wp-content\/uploads\/2023\/08\/Concorde-beauty_3-768x538.jpg 768w, https:\/\/www.pinadworks.com\/wp-content\/uploads\/2023\/08\/Concorde-beauty_3-1536x1075.jpg 1536w, https:\/\/www.pinadworks.com\/wp-content\/uploads\/2023\/08\/Concorde-beauty_3-2048x1434.jpg 2048w\" sizes=\"(max-width: 2560px) 100vw, 2560px\" \/><\/a>\n\t\t\t<\/div><\/figure>\n\t\t<\/div>\n\t\t<\/div>\n\t\t\t\t\t\t<\/div>\n\t\t\t\t<\/div>\n\t\t\t\t<div class=\"elementor-element elementor-element-e306ac5 elementor-widget-divider--view-line elementor-widget elementor-widget-divider\" data-id=\"e306ac5\" data-element_type=\"widget\" data-e-type=\"widget\" data-widget_type=\"divider.default\">\n\t\t\t\t<div class=\"elementor-widget-container\">\n\t\t\t\t\t\t\t<div class=\"elementor-divider\">\n\t\t\t<span class=\"elementor-divider-separator\">\n\t\t\t\t\t\t<\/span>\n\t\t<\/div>\n\t\t\t\t\t\t<\/div>\n\t\t\t\t<\/div>\n\t\t\t\t\t<\/div>\n\t\t<\/div>\n\t\t\t\t\t<\/div>\n\t\t<\/section>\n\t\t\t\t\t<\/div>\n\t\t<\/div>\n\t\t\t\t\t<\/div>\n\t\t<\/section>\n\t\t\t\t<section class=\"elementor-section elementor-top-section elementor-element elementor-element-3d1529e elementor-section-boxed elementor-section-height-default elementor-section-height-default\" data-id=\"3d1529e\" data-element_type=\"section\" data-e-type=\"section\">\n\t\t\t\t\t\t<div class=\"elementor-container elementor-column-gap-default\">\n\t\t\t\t\t<div class=\"elementor-column elementor-col-50 elementor-top-column elementor-element elementor-element-af7526e\" data-id=\"af7526e\" data-element_type=\"column\" data-e-type=\"column\">\n\t\t\t<div class=\"elementor-widget-wrap elementor-element-populated\">\n\t\t\t\t\t\t<div class=\"elementor-element elementor-element-e081e2e elementor-widget elementor-widget-image\" data-id=\"e081e2e\" data-element_type=\"widget\" data-e-type=\"widget\" data-widget_type=\"image.default\">\n\t\t\t\t<div class=\"elementor-widget-container\">\n\t\t\t\t\t\t\t\t\t\t\t\t\t\t\t<img loading=\"lazy\" decoding=\"async\" width=\"1024\" height=\"683\" src=\"https:\/\/www.pinadworks.com\/wp-content\/uploads\/2023\/08\/Concorde-Beauty-Trifold-1024x683.jpg\" class=\"attachment-large size-large wp-image-432\" alt=\"\" srcset=\"https:\/\/www.pinadworks.com\/wp-content\/uploads\/2023\/08\/Concorde-Beauty-Trifold-1024x683.jpg 1024w, https:\/\/www.pinadworks.com\/wp-content\/uploads\/2023\/08\/Concorde-Beauty-Trifold-300x200.jpg 300w, https:\/\/www.pinadworks.com\/wp-content\/uploads\/2023\/08\/Concorde-Beauty-Trifold-768x512.jpg 768w, https:\/\/www.pinadworks.com\/wp-content\/uploads\/2023\/08\/Concorde-Beauty-Trifold-1536x1024.jpg 1536w, https:\/\/www.pinadworks.com\/wp-content\/uploads\/2023\/08\/Concorde-Beauty-Trifold-2048x1365.jpg 2048w\" sizes=\"(max-width: 1024px) 100vw, 1024px\" \/>\t\t\t\t\t\t\t\t\t\t\t\t\t\t\t<\/div>\n\t\t\t\t<\/div>\n\t\t\t\t\t<\/div>\n\t\t<\/div>\n\t\t\t\t<div class=\"elementor-column elementor-col-50 elementor-top-column elementor-element elementor-element-f80a496\" data-id=\"f80a496\" data-element_type=\"column\" data-e-type=\"column\">\n\t\t\t<div class=\"elementor-widget-wrap elementor-element-populated\">\n\t\t\t\t\t\t<div class=\"elementor-element elementor-element-63065cf elementor-widget elementor-widget-text-editor\" data-id=\"63065cf\" data-element_type=\"widget\" data-e-type=\"widget\" data-widget_type=\"text-editor.default\">\n\t\t\t\t<div class=\"elementor-widget-container\">\n\t\t\t\t\t\t\t\t\t<p><label><strong>Kategori:<\/strong> <\/label>Trifold Tasar\u0131m\u0131<br \/><strong><label>M\u00fc\u015fteri:<\/label><\/strong> Alegori Turizm Ltd. \u015eti.<\/p>\t\t\t\t\t\t\t\t<\/div>\n\t\t\t\t<\/div>\n\t\t\t\t\t<\/div>\n\t\t<\/div>\n\t\t\t\t\t<\/div>\n\t\t<\/section>\n\t\t\t\t<section class=\"elementor-section elementor-top-section elementor-element elementor-element-e09357f elementor-section-boxed elementor-section-height-default elementor-section-height-default\" data-id=\"e09357f\" data-element_type=\"section\" data-e-type=\"section\">\n\t\t\t\t\t\t<div class=\"elementor-container elementor-column-gap-default\">\n\t\t\t\t\t<div class=\"elementor-column elementor-col-100 elementor-top-column elementor-element elementor-element-f97d06e\" data-id=\"f97d06e\" data-element_type=\"column\" data-e-type=\"column\">\n\t\t\t<div class=\"elementor-widget-wrap elementor-element-populated\">\n\t\t\t\t\t\t<section class=\"elementor-section elementor-inner-section elementor-element elementor-element-72a9f4d elementor-section-boxed elementor-section-height-default elementor-section-height-default\" data-id=\"72a9f4d\" data-element_type=\"section\" data-e-type=\"section\">\n\t\t\t\t\t\t<div class=\"elementor-container elementor-column-gap-default\">\n\t\t\t\t\t<div class=\"elementor-column elementor-col-100 elementor-inner-column elementor-element elementor-element-6e79abc\" data-id=\"6e79abc\" data-element_type=\"column\" data-e-type=\"column\">\n\t\t\t<div class=\"elementor-widget-wrap elementor-element-populated\">\n\t\t\t\t\t\t<div class=\"elementor-element elementor-element-5a92ca8 elementor-widget elementor-widget-image-gallery\" data-id=\"5a92ca8\" data-element_type=\"widget\" data-e-type=\"widget\" data-widget_type=\"image-gallery.default\">\n\t\t\t\t<div class=\"elementor-widget-container\">\n\t\t\t\t\t\t\t<div class=\"elementor-image-gallery\">\n\t\t\t<div id='gallery-2' class='gallery galleryid-429 gallery-columns-3 gallery-size-full'><figure class='gallery-item'>\n\t\t\t<div class='gallery-icon landscape'>\n\t\t\t\t<a data-elementor-open-lightbox=\"yes\" data-elementor-lightbox-slideshow=\"5a92ca8\" data-elementor-lightbox-title=\"Concorde Beauty Trifold\" data-e-action-hash=\"#elementor-action%3Aaction%3Dlightbox%26settings%3DeyJpZCI6NDMyLCJ1cmwiOiJodHRwczpcL1wvd3d3LnBpbmFkd29ya3MuY29tXC93cC1jb250ZW50XC91cGxvYWRzXC8yMDIzXC8wOFwvQ29uY29yZGUtQmVhdXR5LVRyaWZvbGQtc2NhbGVkLmpwZyIsInNsaWRlc2hvdyI6IjVhOTJjYTgifQ%3D%3D\" href='https:\/\/www.pinadworks.com\/wp-content\/uploads\/2023\/08\/Concorde-Beauty-Trifold-scaled.jpg'><img loading=\"lazy\" decoding=\"async\" width=\"2560\" height=\"1707\" src=\"https:\/\/www.pinadworks.com\/wp-content\/uploads\/2023\/08\/Concorde-Beauty-Trifold-scaled.jpg\" class=\"attachment-full size-full\" alt=\"\" srcset=\"https:\/\/www.pinadworks.com\/wp-content\/uploads\/2023\/08\/Concorde-Beauty-Trifold-scaled.jpg 2560w, https:\/\/www.pinadworks.com\/wp-content\/uploads\/2023\/08\/Concorde-Beauty-Trifold-300x200.jpg 300w, https:\/\/www.pinadworks.com\/wp-content\/uploads\/2023\/08\/Concorde-Beauty-Trifold-1024x683.jpg 1024w, https:\/\/www.pinadworks.com\/wp-content\/uploads\/2023\/08\/Concorde-Beauty-Trifold-768x512.jpg 768w, https:\/\/www.pinadworks.com\/wp-content\/uploads\/2023\/08\/Concorde-Beauty-Trifold-1536x1024.jpg 1536w, https:\/\/www.pinadworks.com\/wp-content\/uploads\/2023\/08\/Concorde-Beauty-Trifold-2048x1365.jpg 2048w\" sizes=\"(max-width: 2560px) 100vw, 2560px\" \/><\/a>\n\t\t\t<\/div><\/figure><figure class='gallery-item'>\n\t\t\t<div class='gallery-icon landscape'>\n\t\t\t\t<a data-elementor-open-lightbox=\"yes\" data-elementor-lightbox-slideshow=\"5a92ca8\" data-elementor-lightbox-title=\"Concorde Beauty Trifold_1\" data-e-action-hash=\"#elementor-action%3Aaction%3Dlightbox%26settings%3DeyJpZCI6NDMzLCJ1cmwiOiJodHRwczpcL1wvd3d3LnBpbmFkd29ya3MuY29tXC93cC1jb250ZW50XC91cGxvYWRzXC8yMDIzXC8wOFwvQ29uY29yZGUtQmVhdXR5LVRyaWZvbGRfMS1zY2FsZWQuanBnIiwic2xpZGVzaG93IjoiNWE5MmNhOCJ9\" href='https:\/\/www.pinadworks.com\/wp-content\/uploads\/2023\/08\/Concorde-Beauty-Trifold_1-scaled.jpg'><img loading=\"lazy\" decoding=\"async\" width=\"2560\" height=\"1707\" src=\"https:\/\/www.pinadworks.com\/wp-content\/uploads\/2023\/08\/Concorde-Beauty-Trifold_1-scaled.jpg\" class=\"attachment-full size-full\" alt=\"\" srcset=\"https:\/\/www.pinadworks.com\/wp-content\/uploads\/2023\/08\/Concorde-Beauty-Trifold_1-scaled.jpg 2560w, https:\/\/www.pinadworks.com\/wp-content\/uploads\/2023\/08\/Concorde-Beauty-Trifold_1-300x200.jpg 300w, https:\/\/www.pinadworks.com\/wp-content\/uploads\/2023\/08\/Concorde-Beauty-Trifold_1-1024x683.jpg 1024w, https:\/\/www.pinadworks.com\/wp-content\/uploads\/2023\/08\/Concorde-Beauty-Trifold_1-768x512.jpg 768w, https:\/\/www.pinadworks.com\/wp-content\/uploads\/2023\/08\/Concorde-Beauty-Trifold_1-1536x1024.jpg 1536w, https:\/\/www.pinadworks.com\/wp-content\/uploads\/2023\/08\/Concorde-Beauty-Trifold_1-2048x1365.jpg 2048w\" sizes=\"(max-width: 2560px) 100vw, 2560px\" \/><\/a>\n\t\t\t<\/div><\/figure><figure class='gallery-item'>\n\t\t\t<div class='gallery-icon landscape'>\n\t\t\t\t<a data-elementor-open-lightbox=\"yes\" data-elementor-lightbox-slideshow=\"5a92ca8\" data-elementor-lightbox-title=\"Concorde Beauty Trifold_2\" data-e-action-hash=\"#elementor-action%3Aaction%3Dlightbox%26settings%3DeyJpZCI6NDM0LCJ1cmwiOiJodHRwczpcL1wvd3d3LnBpbmFkd29ya3MuY29tXC93cC1jb250ZW50XC91cGxvYWRzXC8yMDIzXC8wOFwvQ29uY29yZGUtQmVhdXR5LVRyaWZvbGRfMi1zY2FsZWQuanBnIiwic2xpZGVzaG93IjoiNWE5MmNhOCJ9\" href='https:\/\/www.pinadworks.com\/wp-content\/uploads\/2023\/08\/Concorde-Beauty-Trifold_2-scaled.jpg'><img loading=\"lazy\" decoding=\"async\" width=\"2560\" height=\"1707\" src=\"https:\/\/www.pinadworks.com\/wp-content\/uploads\/2023\/08\/Concorde-Beauty-Trifold_2-scaled.jpg\" class=\"attachment-full size-full\" alt=\"\" srcset=\"https:\/\/www.pinadworks.com\/wp-content\/uploads\/2023\/08\/Concorde-Beauty-Trifold_2-scaled.jpg 2560w, https:\/\/www.pinadworks.com\/wp-content\/uploads\/2023\/08\/Concorde-Beauty-Trifold_2-300x200.jpg 300w, https:\/\/www.pinadworks.com\/wp-content\/uploads\/2023\/08\/Concorde-Beauty-Trifold_2-1024x683.jpg 1024w, https:\/\/www.pinadworks.com\/wp-content\/uploads\/2023\/08\/Concorde-Beauty-Trifold_2-768x512.jpg 768w, https:\/\/www.pinadworks.com\/wp-content\/uploads\/2023\/08\/Concorde-Beauty-Trifold_2-1536x1024.jpg 1536w, https:\/\/www.pinadworks.com\/wp-content\/uploads\/2023\/08\/Concorde-Beauty-Trifold_2-2048x1365.jpg 2048w\" sizes=\"(max-width: 2560px) 100vw, 2560px\" \/><\/a>\n\t\t\t<\/div><\/figure>\n\t\t<\/div>\n\t\t<\/div>\n\t\t\t\t\t\t<\/div>\n\t\t\t\t<\/div>\n\t\t\t\t\t<\/div>\n\t\t<\/div>\n\t\t\t\t\t<\/div>\n\t\t<\/section>\n\t\t\t\t\t<\/div>\n\t\t<\/div>\n\t\t\t\t\t<\/div>\n\t\t<\/section>\n\t\t\t\t<section class=\"elementor-section elementor-top-section elementor-element elementor-element-5bd3f16 elementor-section-boxed elementor-section-height-default elementor-section-height-default\" data-id=\"5bd3f16\" data-element_type=\"section\" data-e-type=\"section\">\n\t\t\t\t\t\t<div class=\"elementor-container elementor-column-gap-default\">\n\t\t\t\t\t<div class=\"elementor-column elementor-col-100 elementor-top-column elementor-element elementor-element-1b5d0b4\" data-id=\"1b5d0b4\" data-element_type=\"column\" data-e-type=\"column\">\n\t\t\t<div class=\"elementor-widget-wrap elementor-element-populated\">\n\t\t\t\t\t\t<div class=\"elementor-element elementor-element-2a45f37 elementor-widget elementor-widget-spacer\" data-id=\"2a45f37\" data-element_type=\"widget\" data-e-type=\"widget\" data-widget_type=\"spacer.default\">\n\t\t\t\t<div class=\"elementor-widget-container\">\n\t\t\t\t\t\t\t<div class=\"elementor-spacer\">\n\t\t\t<div class=\"elementor-spacer-inner\"><\/div>\n\t\t<\/div>\n\t\t\t\t\t\t<\/div>\n\t\t\t\t<\/div>\n\t\t\t\t\t<\/div>\n\t\t<\/div>\n\t\t\t\t\t<\/div>\n\t\t<\/section>\n\t\t\t\t<\/div>","protected":false},"excerpt":{"rendered":"<p>Concorde Beauty Kategori: Dergi Tasar\u0131m\u0131M\u00fc\u015fteri: Alegori Turizm Ltd. \u015eti. Kategori: Trifold Tasar\u0131m\u0131M\u00fc\u015fteri: Alegori Turizm Ltd. \u015eti.<\/p>","protected":false},"author":1,"featured_media":0,"parent":0,"menu_order":0,"comment_status":"closed","ping_status":"closed","template":"","meta":{"_kad_post_transparent":"default","_kad_post_title":"hide","_kad_post_layout":"fullwidth","_kad_post_sidebar_id":"","_kad_post_content_style":"unboxed","_kad_post_vertical_padding":"hide","_kad_post_feature":"hide","_kad_post_feature_position":"","_kad_post_header":false,"_kad_post_footer":false,"_kad_post_classname":"","footnotes":""},"class_list":["post-429","page","type-page","status-publish","hentry"],"_links":{"self":[{"href":"http:\/\/www.pinadworks.com\/en\/wp-json\/wp\/v2\/pages\/429","targetHints":{"allow":["GET"]}}],"collection":[{"href":"http:\/\/www.pinadworks.com\/en\/wp-json\/wp\/v2\/pages"}],"about":[{"href":"http:\/\/www.pinadworks.com\/en\/wp-json\/wp\/v2\/types\/page"}],"author":[{"embeddable":true,"href":"http:\/\/www.pinadworks.com\/en\/wp-json\/wp\/v2\/users\/1"}],"replies":[{"embeddable":true,"href":"http:\/\/www.pinadworks.com\/en\/wp-json\/wp\/v2\/comments?post=429"}],"version-history":[{"count":7,"href":"http:\/\/www.pinadworks.com\/en\/wp-json\/wp\/v2\/pages\/429\/revisions"}],"predecessor-version":[{"id":444,"href":"http:\/\/www.pinadworks.com\/en\/wp-json\/wp\/v2\/pages\/429\/revisions\/444"}],"wp:attachment":[{"href":"http:\/\/www.pinadworks.com\/en\/wp-json\/wp\/v2\/media?parent=429"}],"curies":[{"name":"wp","href":"https:\/\/api.w.org\/{rel}","templated":true}]}}