{"id":359,"date":"2023-08-01T18:12:46","date_gmt":"2023-08-01T18:12:46","guid":{"rendered":"http:\/\/www.pinadworks.com\/?page_id=359"},"modified":"2023-08-01T18:43:12","modified_gmt":"2023-08-01T18:43:12","slug":"ayvalik-sarimsakli-seaside-villalari","status":"publish","type":"page","link":"http:\/\/www.pinadworks.com\/en\/ayvalik-sarimsakli-seaside-villalari\/","title":{"rendered":"Ayval\u0131k Sar\u0131msakl\u0131 Seaside Villalar\u0131"},"content":{"rendered":"<div data-elementor-type=\"wp-page\" data-elementor-id=\"359\" class=\"elementor elementor-359\">\n\t\t\t\t\t\t<section class=\"elementor-section elementor-top-section elementor-element elementor-element-66ec08f elementor-section-full_width elementor-section-height-default elementor-section-height-default\" data-id=\"66ec08f\" data-element_type=\"section\" data-e-type=\"section\" data-settings=\"{&quot;background_background&quot;:&quot;classic&quot;}\">\n\t\t\t\t\t\t<div class=\"elementor-container elementor-column-gap-default\">\n\t\t\t\t\t<div class=\"elementor-column elementor-col-100 elementor-top-column elementor-element elementor-element-319243c\" data-id=\"319243c\" data-element_type=\"column\" data-e-type=\"column\">\n\t\t\t<div class=\"elementor-widget-wrap elementor-element-populated\">\n\t\t\t\t\t\t<section class=\"elementor-section elementor-inner-section elementor-element elementor-element-52c339c elementor-section-boxed elementor-section-height-default elementor-section-height-default\" data-id=\"52c339c\" data-element_type=\"section\" data-e-type=\"section\">\n\t\t\t\t\t\t<div class=\"elementor-container elementor-column-gap-default\">\n\t\t\t\t\t<div class=\"elementor-column elementor-col-100 elementor-inner-column elementor-element elementor-element-4965ec0\" data-id=\"4965ec0\" data-element_type=\"column\" data-e-type=\"column\">\n\t\t\t<div class=\"elementor-widget-wrap elementor-element-populated\">\n\t\t\t\t\t\t<div class=\"elementor-element elementor-element-475dd1b elementor-widget elementor-widget-heading\" data-id=\"475dd1b\" data-element_type=\"widget\" data-e-type=\"widget\" data-widget_type=\"heading.default\">\n\t\t\t\t<div class=\"elementor-widget-container\">\n\t\t\t\t\t<h2 class=\"elementor-heading-title elementor-size-default\">Ayval\u0131k Sar\u0131msakl\u0131 Seaside Villalar\u0131<\/h2>\t\t\t\t<\/div>\n\t\t\t\t<\/div>\n\t\t\t\t\t<\/div>\n\t\t<\/div>\n\t\t\t\t\t<\/div>\n\t\t<\/section>\n\t\t\t\t\t<\/div>\n\t\t<\/div>\n\t\t\t\t\t<\/div>\n\t\t<\/section>\n\t\t\t\t<section class=\"elementor-section elementor-top-section elementor-element elementor-element-efd8a1a elementor-section-boxed elementor-section-height-default elementor-section-height-default\" data-id=\"efd8a1a\" data-element_type=\"section\" data-e-type=\"section\">\n\t\t\t\t\t\t<div class=\"elementor-container elementor-column-gap-default\">\n\t\t\t\t\t<div class=\"elementor-column elementor-col-50 elementor-top-column elementor-element elementor-element-a21c4c5\" data-id=\"a21c4c5\" data-element_type=\"column\" data-e-type=\"column\">\n\t\t\t<div class=\"elementor-widget-wrap elementor-element-populated\">\n\t\t\t\t\t\t<div class=\"elementor-element elementor-element-dbb5623 elementor-widget elementor-widget-image\" data-id=\"dbb5623\" data-element_type=\"widget\" data-e-type=\"widget\" data-widget_type=\"image.default\">\n\t\t\t\t<div class=\"elementor-widget-container\">\n\t\t\t\t\t\t\t\t\t\t\t\t\t\t\t<img fetchpriority=\"high\" decoding=\"async\" width=\"1024\" height=\"768\" src=\"https:\/\/www.pinadworks.com\/wp-content\/uploads\/2023\/08\/Ayvalik-Seaside_1-1024x768.jpg\" class=\"attachment-large size-large wp-image-350\" alt=\"\" srcset=\"https:\/\/www.pinadworks.com\/wp-content\/uploads\/2023\/08\/Ayvalik-Seaside_1-1024x768.jpg 1024w, https:\/\/www.pinadworks.com\/wp-content\/uploads\/2023\/08\/Ayvalik-Seaside_1-300x225.jpg 300w, https:\/\/www.pinadworks.com\/wp-content\/uploads\/2023\/08\/Ayvalik-Seaside_1-768x576.jpg 768w, https:\/\/www.pinadworks.com\/wp-content\/uploads\/2023\/08\/Ayvalik-Seaside_1-1536x1152.jpg 1536w, https:\/\/www.pinadworks.com\/wp-content\/uploads\/2023\/08\/Ayvalik-Seaside_1-2048x1536.jpg 2048w\" sizes=\"(max-width: 1024px) 100vw, 1024px\" \/>\t\t\t\t\t\t\t\t\t\t\t\t\t\t\t<\/div>\n\t\t\t\t<\/div>\n\t\t\t\t\t<\/div>\n\t\t<\/div>\n\t\t\t\t<div class=\"elementor-column elementor-col-50 elementor-top-column elementor-element elementor-element-7894404\" data-id=\"7894404\" data-element_type=\"column\" data-e-type=\"column\">\n\t\t\t<div class=\"elementor-widget-wrap elementor-element-populated\">\n\t\t\t\t\t\t<div class=\"elementor-element elementor-element-fc7e5fe elementor-widget elementor-widget-text-editor\" data-id=\"fc7e5fe\" data-element_type=\"widget\" data-e-type=\"widget\" data-widget_type=\"text-editor.default\">\n\t\t\t\t<div class=\"elementor-widget-container\">\n\t\t\t\t\t\t\t\t\t<p><label><strong>Kategori:<\/strong> <\/label>Katalog-Bro\u015f\u00fcr Tasar\u0131mlar\u0131\u00a0<br \/><strong><label>M\u00fc\u015fteri:<\/label><\/strong> Kardelen\u00a0 \u0130n\u015faat &amp; Siyap \u0130n\u015faat<\/p>\t\t\t\t\t\t\t\t<\/div>\n\t\t\t\t<\/div>\n\t\t\t\t\t<\/div>\n\t\t<\/div>\n\t\t\t\t\t<\/div>\n\t\t<\/section>\n\t\t\t\t<section class=\"elementor-section elementor-top-section elementor-element elementor-element-e7794dd elementor-section-boxed elementor-section-height-default elementor-section-height-default\" data-id=\"e7794dd\" data-element_type=\"section\" data-e-type=\"section\">\n\t\t\t\t\t\t<div class=\"elementor-container elementor-column-gap-default\">\n\t\t\t\t\t<div class=\"elementor-column elementor-col-100 elementor-top-column elementor-element elementor-element-36012ec\" data-id=\"36012ec\" data-element_type=\"column\" data-e-type=\"column\">\n\t\t\t<div class=\"elementor-widget-wrap elementor-element-populated\">\n\t\t\t\t\t\t<section class=\"elementor-section elementor-inner-section elementor-element elementor-element-8e01bdc elementor-section-boxed elementor-section-height-default elementor-section-height-default\" data-id=\"8e01bdc\" data-element_type=\"section\" data-e-type=\"section\">\n\t\t\t\t\t\t<div class=\"elementor-container elementor-column-gap-default\">\n\t\t\t\t\t<div class=\"elementor-column elementor-col-100 elementor-inner-column elementor-element elementor-element-085d51b\" data-id=\"085d51b\" data-element_type=\"column\" data-e-type=\"column\">\n\t\t\t<div class=\"elementor-widget-wrap elementor-element-populated\">\n\t\t\t\t\t\t<div class=\"elementor-element elementor-element-0e63f72 elementor-widget elementor-widget-image-gallery\" data-id=\"0e63f72\" data-element_type=\"widget\" data-e-type=\"widget\" data-widget_type=\"image-gallery.default\">\n\t\t\t\t<div class=\"elementor-widget-container\">\n\t\t\t\t\t\t\t<div class=\"elementor-image-gallery\">\n\t\t\t<div id='gallery-1' class='gallery galleryid-359 gallery-columns-4 gallery-size-full'><figure class='gallery-item'>\n\t\t\t<div class='gallery-icon landscape'>\n\t\t\t\t<a data-elementor-open-lightbox=\"yes\" data-elementor-lightbox-slideshow=\"0e63f72\" data-elementor-lightbox-title=\"Ayval\u0131k Seaside_1\" data-e-action-hash=\"#elementor-action%3Aaction%3Dlightbox%26settings%3DeyJpZCI6MzUwLCJ1cmwiOiJodHRwczpcL1wvd3d3LnBpbmFkd29ya3MuY29tXC93cC1jb250ZW50XC91cGxvYWRzXC8yMDIzXC8wOFwvQXl2YWxpay1TZWFzaWRlXzEtc2NhbGVkLmpwZyIsInNsaWRlc2hvdyI6IjBlNjNmNzIifQ%3D%3D\" href='https:\/\/www.pinadworks.com\/wp-content\/uploads\/2023\/08\/Ayvalik-Seaside_1-scaled.jpg'><img decoding=\"async\" width=\"2560\" height=\"1920\" src=\"https:\/\/www.pinadworks.com\/wp-content\/uploads\/2023\/08\/Ayvalik-Seaside_1-scaled.jpg\" class=\"attachment-full size-full\" alt=\"\" srcset=\"https:\/\/www.pinadworks.com\/wp-content\/uploads\/2023\/08\/Ayvalik-Seaside_1-scaled.jpg 2560w, https:\/\/www.pinadworks.com\/wp-content\/uploads\/2023\/08\/Ayvalik-Seaside_1-300x225.jpg 300w, https:\/\/www.pinadworks.com\/wp-content\/uploads\/2023\/08\/Ayvalik-Seaside_1-1024x768.jpg 1024w, https:\/\/www.pinadworks.com\/wp-content\/uploads\/2023\/08\/Ayvalik-Seaside_1-768x576.jpg 768w, https:\/\/www.pinadworks.com\/wp-content\/uploads\/2023\/08\/Ayvalik-Seaside_1-1536x1152.jpg 1536w, https:\/\/www.pinadworks.com\/wp-content\/uploads\/2023\/08\/Ayvalik-Seaside_1-2048x1536.jpg 2048w\" sizes=\"(max-width: 2560px) 100vw, 2560px\" \/><\/a>\n\t\t\t<\/div><\/figure><figure class='gallery-item'>\n\t\t\t<div class='gallery-icon landscape'>\n\t\t\t\t<a data-elementor-open-lightbox=\"yes\" data-elementor-lightbox-slideshow=\"0e63f72\" data-elementor-lightbox-title=\"Ayval\u0131k Seaside_6\" data-e-action-hash=\"#elementor-action%3Aaction%3Dlightbox%26settings%3DeyJpZCI6MzU1LCJ1cmwiOiJodHRwczpcL1wvd3d3LnBpbmFkd29ya3MuY29tXC93cC1jb250ZW50XC91cGxvYWRzXC8yMDIzXC8wOFwvQXl2YWxpay1TZWFzaWRlXzYtc2NhbGVkLmpwZyIsInNsaWRlc2hvdyI6IjBlNjNmNzIifQ%3D%3D\" href='https:\/\/www.pinadworks.com\/wp-content\/uploads\/2023\/08\/Ayvalik-Seaside_6-scaled.jpg'><img decoding=\"async\" width=\"2560\" height=\"1920\" src=\"https:\/\/www.pinadworks.com\/wp-content\/uploads\/2023\/08\/Ayvalik-Seaside_6-scaled.jpg\" class=\"attachment-full size-full\" alt=\"\" srcset=\"https:\/\/www.pinadworks.com\/wp-content\/uploads\/2023\/08\/Ayvalik-Seaside_6-scaled.jpg 2560w, https:\/\/www.pinadworks.com\/wp-content\/uploads\/2023\/08\/Ayvalik-Seaside_6-300x225.jpg 300w, https:\/\/www.pinadworks.com\/wp-content\/uploads\/2023\/08\/Ayvalik-Seaside_6-1024x768.jpg 1024w, https:\/\/www.pinadworks.com\/wp-content\/uploads\/2023\/08\/Ayvalik-Seaside_6-768x576.jpg 768w, https:\/\/www.pinadworks.com\/wp-content\/uploads\/2023\/08\/Ayvalik-Seaside_6-1536x1152.jpg 1536w, https:\/\/www.pinadworks.com\/wp-content\/uploads\/2023\/08\/Ayvalik-Seaside_6-2048x1536.jpg 2048w\" sizes=\"(max-width: 2560px) 100vw, 2560px\" \/><\/a>\n\t\t\t<\/div><\/figure><figure class='gallery-item'>\n\t\t\t<div class='gallery-icon landscape'>\n\t\t\t\t<a data-elementor-open-lightbox=\"yes\" data-elementor-lightbox-slideshow=\"0e63f72\" data-elementor-lightbox-title=\"Ayval\u0131k Seaside_5\" data-e-action-hash=\"#elementor-action%3Aaction%3Dlightbox%26settings%3DeyJpZCI6MzU0LCJ1cmwiOiJodHRwczpcL1wvd3d3LnBpbmFkd29ya3MuY29tXC93cC1jb250ZW50XC91cGxvYWRzXC8yMDIzXC8wOFwvQXl2YWxpay1TZWFzaWRlXzUtc2NhbGVkLmpwZyIsInNsaWRlc2hvdyI6IjBlNjNmNzIifQ%3D%3D\" href='https:\/\/www.pinadworks.com\/wp-content\/uploads\/2023\/08\/Ayvalik-Seaside_5-scaled.jpg'><img loading=\"lazy\" decoding=\"async\" width=\"2560\" height=\"1920\" src=\"https:\/\/www.pinadworks.com\/wp-content\/uploads\/2023\/08\/Ayvalik-Seaside_5-scaled.jpg\" class=\"attachment-full size-full\" alt=\"\" srcset=\"https:\/\/www.pinadworks.com\/wp-content\/uploads\/2023\/08\/Ayvalik-Seaside_5-scaled.jpg 2560w, https:\/\/www.pinadworks.com\/wp-content\/uploads\/2023\/08\/Ayvalik-Seaside_5-300x225.jpg 300w, https:\/\/www.pinadworks.com\/wp-content\/uploads\/2023\/08\/Ayvalik-Seaside_5-1024x768.jpg 1024w, https:\/\/www.pinadworks.com\/wp-content\/uploads\/2023\/08\/Ayvalik-Seaside_5-768x576.jpg 768w, https:\/\/www.pinadworks.com\/wp-content\/uploads\/2023\/08\/Ayvalik-Seaside_5-1536x1152.jpg 1536w, https:\/\/www.pinadworks.com\/wp-content\/uploads\/2023\/08\/Ayvalik-Seaside_5-2048x1536.jpg 2048w\" sizes=\"(max-width: 2560px) 100vw, 2560px\" \/><\/a>\n\t\t\t<\/div><\/figure><figure class='gallery-item'>\n\t\t\t<div class='gallery-icon landscape'>\n\t\t\t\t<a data-elementor-open-lightbox=\"yes\" data-elementor-lightbox-slideshow=\"0e63f72\" data-elementor-lightbox-title=\"Ayval\u0131k Seaside_4\" data-e-action-hash=\"#elementor-action%3Aaction%3Dlightbox%26settings%3DeyJpZCI6MzUzLCJ1cmwiOiJodHRwczpcL1wvd3d3LnBpbmFkd29ya3MuY29tXC93cC1jb250ZW50XC91cGxvYWRzXC8yMDIzXC8wOFwvQXl2YWxpay1TZWFzaWRlXzQtc2NhbGVkLmpwZyIsInNsaWRlc2hvdyI6IjBlNjNmNzIifQ%3D%3D\" href='https:\/\/www.pinadworks.com\/wp-content\/uploads\/2023\/08\/Ayvalik-Seaside_4-scaled.jpg'><img loading=\"lazy\" decoding=\"async\" width=\"2560\" height=\"1920\" src=\"https:\/\/www.pinadworks.com\/wp-content\/uploads\/2023\/08\/Ayvalik-Seaside_4-scaled.jpg\" class=\"attachment-full size-full\" alt=\"\" srcset=\"https:\/\/www.pinadworks.com\/wp-content\/uploads\/2023\/08\/Ayvalik-Seaside_4-scaled.jpg 2560w, https:\/\/www.pinadworks.com\/wp-content\/uploads\/2023\/08\/Ayvalik-Seaside_4-300x225.jpg 300w, https:\/\/www.pinadworks.com\/wp-content\/uploads\/2023\/08\/Ayvalik-Seaside_4-1024x768.jpg 1024w, https:\/\/www.pinadworks.com\/wp-content\/uploads\/2023\/08\/Ayvalik-Seaside_4-768x576.jpg 768w, https:\/\/www.pinadworks.com\/wp-content\/uploads\/2023\/08\/Ayvalik-Seaside_4-1536x1152.jpg 1536w, https:\/\/www.pinadworks.com\/wp-content\/uploads\/2023\/08\/Ayvalik-Seaside_4-2048x1536.jpg 2048w\" sizes=\"(max-width: 2560px) 100vw, 2560px\" \/><\/a>\n\t\t\t<\/div><\/figure><figure class='gallery-item'>\n\t\t\t<div class='gallery-icon landscape'>\n\t\t\t\t<a data-elementor-open-lightbox=\"yes\" data-elementor-lightbox-slideshow=\"0e63f72\" data-elementor-lightbox-title=\"Ayval\u0131k Seaside_3\" data-e-action-hash=\"#elementor-action%3Aaction%3Dlightbox%26settings%3DeyJpZCI6MzUyLCJ1cmwiOiJodHRwczpcL1wvd3d3LnBpbmFkd29ya3MuY29tXC93cC1jb250ZW50XC91cGxvYWRzXC8yMDIzXC8wOFwvQXl2YWxpay1TZWFzaWRlXzMtc2NhbGVkLmpwZyIsInNsaWRlc2hvdyI6IjBlNjNmNzIifQ%3D%3D\" href='https:\/\/www.pinadworks.com\/wp-content\/uploads\/2023\/08\/Ayvalik-Seaside_3-scaled.jpg'><img loading=\"lazy\" decoding=\"async\" width=\"2560\" height=\"1920\" src=\"https:\/\/www.pinadworks.com\/wp-content\/uploads\/2023\/08\/Ayvalik-Seaside_3-scaled.jpg\" class=\"attachment-full size-full\" alt=\"\" srcset=\"https:\/\/www.pinadworks.com\/wp-content\/uploads\/2023\/08\/Ayvalik-Seaside_3-scaled.jpg 2560w, https:\/\/www.pinadworks.com\/wp-content\/uploads\/2023\/08\/Ayvalik-Seaside_3-300x225.jpg 300w, https:\/\/www.pinadworks.com\/wp-content\/uploads\/2023\/08\/Ayvalik-Seaside_3-1024x768.jpg 1024w, https:\/\/www.pinadworks.com\/wp-content\/uploads\/2023\/08\/Ayvalik-Seaside_3-768x576.jpg 768w, https:\/\/www.pinadworks.com\/wp-content\/uploads\/2023\/08\/Ayvalik-Seaside_3-1536x1152.jpg 1536w, https:\/\/www.pinadworks.com\/wp-content\/uploads\/2023\/08\/Ayvalik-Seaside_3-2048x1536.jpg 2048w\" sizes=\"(max-width: 2560px) 100vw, 2560px\" \/><\/a>\n\t\t\t<\/div><\/figure><figure class='gallery-item'>\n\t\t\t<div class='gallery-icon landscape'>\n\t\t\t\t<a data-elementor-open-lightbox=\"yes\" data-elementor-lightbox-slideshow=\"0e63f72\" data-elementor-lightbox-title=\"Ayval\u0131k Seaside_2\" data-e-action-hash=\"#elementor-action%3Aaction%3Dlightbox%26settings%3DeyJpZCI6MzUxLCJ1cmwiOiJodHRwczpcL1wvd3d3LnBpbmFkd29ya3MuY29tXC93cC1jb250ZW50XC91cGxvYWRzXC8yMDIzXC8wOFwvQXl2YWxpay1TZWFzaWRlXzItc2NhbGVkLmpwZyIsInNsaWRlc2hvdyI6IjBlNjNmNzIifQ%3D%3D\" href='https:\/\/www.pinadworks.com\/wp-content\/uploads\/2023\/08\/Ayvalik-Seaside_2-scaled.jpg'><img loading=\"lazy\" decoding=\"async\" width=\"2560\" height=\"1920\" src=\"https:\/\/www.pinadworks.com\/wp-content\/uploads\/2023\/08\/Ayvalik-Seaside_2-scaled.jpg\" class=\"attachment-full size-full\" alt=\"\" srcset=\"https:\/\/www.pinadworks.com\/wp-content\/uploads\/2023\/08\/Ayvalik-Seaside_2-scaled.jpg 2560w, https:\/\/www.pinadworks.com\/wp-content\/uploads\/2023\/08\/Ayvalik-Seaside_2-300x225.jpg 300w, https:\/\/www.pinadworks.com\/wp-content\/uploads\/2023\/08\/Ayvalik-Seaside_2-1024x768.jpg 1024w, https:\/\/www.pinadworks.com\/wp-content\/uploads\/2023\/08\/Ayvalik-Seaside_2-768x576.jpg 768w, https:\/\/www.pinadworks.com\/wp-content\/uploads\/2023\/08\/Ayvalik-Seaside_2-1536x1152.jpg 1536w, https:\/\/www.pinadworks.com\/wp-content\/uploads\/2023\/08\/Ayvalik-Seaside_2-2048x1536.jpg 2048w\" sizes=\"(max-width: 2560px) 100vw, 2560px\" \/><\/a>\n\t\t\t<\/div><\/figure>\n\t\t<\/div>\n\t\t<\/div>\n\t\t\t\t\t\t<\/div>\n\t\t\t\t<\/div>\n\t\t\t\t\t<\/div>\n\t\t<\/div>\n\t\t\t\t\t<\/div>\n\t\t<\/section>\n\t\t\t\t\t<\/div>\n\t\t<\/div>\n\t\t\t\t\t<\/div>\n\t\t<\/section>\n\t\t\t\t<section class=\"elementor-section elementor-top-section elementor-element elementor-element-5bd3f16 elementor-section-boxed elementor-section-height-default elementor-section-height-default\" data-id=\"5bd3f16\" data-element_type=\"section\" data-e-type=\"section\">\n\t\t\t\t\t\t<div class=\"elementor-container elementor-column-gap-default\">\n\t\t\t\t\t<div class=\"elementor-column elementor-col-100 elementor-top-column elementor-element elementor-element-1b5d0b4\" data-id=\"1b5d0b4\" data-element_type=\"column\" data-e-type=\"column\">\n\t\t\t<div class=\"elementor-widget-wrap elementor-element-populated\">\n\t\t\t\t\t\t<div class=\"elementor-element elementor-element-2a45f37 elementor-widget elementor-widget-spacer\" data-id=\"2a45f37\" data-element_type=\"widget\" data-e-type=\"widget\" data-widget_type=\"spacer.default\">\n\t\t\t\t<div class=\"elementor-widget-container\">\n\t\t\t\t\t\t\t<div class=\"elementor-spacer\">\n\t\t\t<div class=\"elementor-spacer-inner\"><\/div>\n\t\t<\/div>\n\t\t\t\t\t\t<\/div>\n\t\t\t\t<\/div>\n\t\t\t\t\t<\/div>\n\t\t<\/div>\n\t\t\t\t\t<\/div>\n\t\t<\/section>\n\t\t\t\t<\/div>","protected":false},"excerpt":{"rendered":"<p>Ayval\u0131k Sar\u0131msakl\u0131 Seaside Villalar\u0131 Kategori: Katalog-Bro\u015f\u00fcr Tasar\u0131mlar\u0131\u00a0M\u00fc\u015fteri: Kardelen\u00a0 \u0130n\u015faat &amp; Siyap \u0130n\u015faat<\/p>","protected":false},"author":1,"featured_media":0,"parent":0,"menu_order":0,"comment_status":"closed","ping_status":"closed","template":"","meta":{"_kad_post_transparent":"default","_kad_post_title":"hide","_kad_post_layout":"fullwidth","_kad_post_sidebar_id":"","_kad_post_content_style":"unboxed","_kad_post_vertical_padding":"hide","_kad_post_feature":"hide","_kad_post_feature_position":"","_kad_post_header":false,"_kad_post_footer":false,"_kad_post_classname":"","footnotes":""},"class_list":["post-359","page","type-page","status-publish","hentry"],"_links":{"self":[{"href":"http:\/\/www.pinadworks.com\/en\/wp-json\/wp\/v2\/pages\/359","targetHints":{"allow":["GET"]}}],"collection":[{"href":"http:\/\/www.pinadworks.com\/en\/wp-json\/wp\/v2\/pages"}],"about":[{"href":"http:\/\/www.pinadworks.com\/en\/wp-json\/wp\/v2\/types\/page"}],"author":[{"embeddable":true,"href":"http:\/\/www.pinadworks.com\/en\/wp-json\/wp\/v2\/users\/1"}],"replies":[{"embeddable":true,"href":"http:\/\/www.pinadworks.com\/en\/wp-json\/wp\/v2\/comments?post=359"}],"version-history":[{"count":13,"href":"http:\/\/www.pinadworks.com\/en\/wp-json\/wp\/v2\/pages\/359\/revisions"}],"predecessor-version":[{"id":389,"href":"http:\/\/www.pinadworks.com\/en\/wp-json\/wp\/v2\/pages\/359\/revisions\/389"}],"wp:attachment":[{"href":"http:\/\/www.pinadworks.com\/en\/wp-json\/wp\/v2\/media?parent=359"}],"curies":[{"name":"wp","href":"https:\/\/api.w.org\/{rel}","templated":true}]}}